{"id":214,"date":"2025-11-14T04:05:54","date_gmt":"2025-11-14T04:05:54","guid":{"rendered":"https:\/\/staging4.augustusdm.com\/home\/?page_id=214"},"modified":"2025-11-15T05:21:33","modified_gmt":"2025-11-15T05:21:33","slug":"social-media","status":"publish","type":"page","link":"https:\/\/staging4.augustusdm.com\/home\/social-media\/","title":{"rendered":"Social Media"},"content":{"rendered":"\t\t<div data-elementor-type=\"wp-page\" data-elementor-id=\"214\" class=\"elementor elementor-214\" data-elementor-post-type=\"page\">\n\t\t\t\t<div class=\"elementor-element elementor-element-716fb7c7 e-flex e-con-boxed e-con e-parent\" data-id=\"716fb7c7\" data-element_type=\"container\" data-e-type=\"container\" data-settings=\"{&quot;background_background&quot;:&quot;classic&quot;}\">\n\t\t\t\t\t<div class=\"e-con-inner\">\n\t\t<div class=\"elementor-element elementor-element-704151cb e-flex e-con-boxed e-con e-child\" data-id=\"704151cb\" data-element_type=\"container\" data-e-type=\"container\">\n\t\t\t\t\t<div class=\"e-con-inner\">\n\t\t\t\t<div class=\"elementor-element elementor-element-75246fca elementor-widget elementor-widget-heading\" data-id=\"75246fca\" data-element_type=\"widget\" data-e-type=\"widget\" data-widget_type=\"heading.default\">\n\t\t\t\t\t<h1 class=\"elementor-heading-title elementor-size-default\">Social Media<\/h1>\t\t\t\t<\/div>\n\t\t\t\t\t<\/div>\n\t\t\t\t<\/div>\n\t\t\t\t\t<\/div>\n\t\t\t\t<\/div>\n\t\t<div class=\"elementor-element elementor-element-a39b7be e-flex e-con-boxed e-con e-parent\" data-id=\"a39b7be\" data-element_type=\"container\" data-e-type=\"container\">\n\t\t\t\t\t<div class=\"e-con-inner\">\n\t\t<div class=\"elementor-element elementor-element-2c2a0a5 e-con-full e-flex e-con e-child\" data-id=\"2c2a0a5\" data-element_type=\"container\" data-e-type=\"container\">\n\t\t\t\t<div class=\"elementor-element elementor-element-2a1add0 elementor-widget elementor-widget-heading\" data-id=\"2a1add0\" data-element_type=\"widget\" data-e-type=\"widget\" data-widget_type=\"heading.default\">\n\t\t\t\t\t<h2 class=\"elementor-heading-title elementor-size-default\">Como funciona o nosso servi\u00e7o de Social Media<\/h2>\t\t\t\t<\/div>\n\t\t\t\t<div class=\"elementor-element elementor-element-3f105f2 elementor-widget elementor-widget-heading\" data-id=\"3f105f2\" data-element_type=\"widget\" data-e-type=\"widget\" data-widget_type=\"heading.default\">\n\t\t\t\t\t<div class=\"elementor-heading-title elementor-size-default\">Na Ag\u00eancia KN, transformamos redes sociais em potentes canais de conex\u00e3o, engajamento e vendas. Nosso servi\u00e7o de Social Media vai muito al\u00e9m de simples postagens: criamos estrat\u00e9gias inteligentes e personalizadas que posicionam sua marca de forma aut\u00eantica, relevante e com resultados mensur\u00e1veis.<\/div>\t\t\t\t<\/div>\n\t\t\t\t<div class=\"elementor-element elementor-element-dd5851a elementor-widget elementor-widget-heading\" data-id=\"dd5851a\" data-element_type=\"widget\" data-e-type=\"widget\" data-widget_type=\"heading.default\">\n\t\t\t\t\t<div class=\"elementor-heading-title elementor-size-default\">Desenvolvemos planos de conte\u00fado que combinam criatividade, an\u00e1lise de dados e identidade de marca, garantindo uma comunica\u00e7\u00e3o consistente e envolvente com o p\u00fablico certo. Cuidamos de todo o processo \u2014 do planejamento \u00e0 cria\u00e7\u00e3o visual, copywriting, gest\u00e3o de an\u00fancios e an\u00e1lise de desempenho \u2014 sempre com foco em gerar engajamento real e fortalecer a presen\u00e7a digital da sua empresa.<\/div>\t\t\t\t<\/div>\n\t\t\t\t<div class=\"elementor-element elementor-element-abc2f13 elementor-widget elementor-widget-heading\" data-id=\"abc2f13\" data-element_type=\"widget\" data-e-type=\"widget\" data-widget_type=\"heading.default\">\n\t\t\t\t\t<div class=\"elementor-heading-title elementor-size-default\">Trabalhamos com as principais plataformas do mercado, como Instagram, Facebook, LinkedIn, TikTok e Google, adaptando a linguagem e o estilo da sua marca a cada canal, para maximizar o alcance e a intera\u00e7\u00e3o com seus seguidores.<\/div>\t\t\t\t<\/div>\n\t\t\t\t<div class=\"elementor-element elementor-element-a4728c7 elementor-widget elementor-widget-heading\" data-id=\"a4728c7\" data-element_type=\"widget\" data-e-type=\"widget\" data-widget_type=\"heading.default\">\n\t\t\t\t\t<div class=\"elementor-heading-title elementor-size-default\">Com a KN, sua marca conquista relev\u00e2ncia, confian\u00e7a e resultados concretos nas redes sociais, construindo relacionamentos duradouros e ampliando sua influ\u00eancia no ambiente digital.<\/div>\t\t\t\t<\/div>\n\t\t\t\t<div class=\"elementor-element elementor-element-1b3e583 elementor-widget__width-initial elementor-widget elementor-widget-button\" data-id=\"1b3e583\" data-element_type=\"widget\" data-e-type=\"widget\" data-widget_type=\"button.default\">\n\t\t\t\t\t\t\t\t\t\t<a class=\"elementor-button elementor-button-link elementor-size-md\" href=\"#\">\n\t\t\t\t\t\t<span class=\"elementor-button-content-wrapper\">\n\t\t\t\t\t\t<span class=\"elementor-button-icon\">\n\t\t\t\t<svg aria-hidden=\"true\" class=\"e-font-icon-svg e-fab-whatsapp\" viewBox=\"0 0 448 512\" xmlns=\"http:\/\/www.w3.org\/2000\/svg\"><path d=\"M380.9 97.1C339 55.1 283.2 32 223.9 32c-122.4 0-222 99.6-222 222 0 39.1 10.2 77.3 29.6 111L0 480l117.7-30.9c32.4 17.7 68.9 27 106.1 27h.1c122.3 0 224.1-99.6 224.1-222 0-59.3-25.2-115-67.1-157zm-157 341.6c-33.2 0-65.7-8.9-94-25.7l-6.7-4-69.8 18.3L72 359.2l-4.4-7c-18.5-29.4-28.2-63.3-28.2-98.2 0-101.7 82.8-184.5 184.6-184.5 49.3 0 95.6 19.2 130.4 54.1 34.8 34.9 56.2 81.2 56.1 130.5 0 101.8-84.9 184.6-186.6 184.6zm101.2-138.2c-5.5-2.8-32.8-16.2-37.9-18-5.1-1.9-8.8-2.8-12.5 2.8-3.7 5.6-14.3 18-17.6 21.8-3.2 3.7-6.5 4.2-12 1.4-32.6-16.3-54-29.1-75.5-66-5.7-9.8 5.7-9.1 16.3-30.3 1.8-3.7.9-6.9-.5-9.7-1.4-2.8-12.5-30.1-17.1-41.2-4.5-10.8-9.1-9.3-12.5-9.5-3.2-.2-6.9-.2-10.6-.2-3.7 0-9.7 1.4-14.8 6.9-5.1 5.6-19.4 19-19.4 46.3 0 27.3 19.9 53.7 22.6 57.4 2.8 3.7 39.1 59.7 94.8 83.8 35.2 15.2 49 16.5 66.6 13.9 10.7-1.6 32.8-13.4 37.4-26.4 4.6-13 4.6-24.1 3.2-26.4-1.3-2.5-5-3.9-10.5-6.6z\"><\/path><\/svg>\t\t\t<\/span>\n\t\t\t\t\t\t\t\t\t<span class=\"elementor-button-text\">Quero meu orcamento no whatsapp<\/span>\n\t\t\t\t\t<\/span>\n\t\t\t\t\t<\/a>\n\t\t\t\t\t\t\t\t<\/div>\n\t\t\t\t<\/div>\n\t\t\t\t<div class=\"elementor-element elementor-element-7c31592 elementor-widget__width-inherit elementor-widget elementor-widget-image\" data-id=\"7c31592\" data-element_type=\"widget\" data-e-type=\"widget\" data-widget_type=\"image.default\">\n\t\t\t\t\t\t\t\t\t\t\t\t\t\t\t<img fetchpriority=\"high\" decoding=\"async\" width=\"640\" height=\"960\" src=\"https:\/\/staging4.augustusdm.com\/wp-content\/uploads\/2025\/11\/social-media-side.jpg\" class=\"attachment-full size-full wp-image-117\" alt=\"\" srcset=\"https:\/\/staging4.augustusdm.com\/wp-content\/uploads\/2025\/11\/social-media-side.jpg 640w, https:\/\/staging4.augustusdm.com\/wp-content\/uploads\/2025\/11\/social-media-side-200x300.jpg 200w\" sizes=\"(max-width: 640px) 100vw, 640px\" \/>\t\t\t\t\t\t\t\t\t\t\t\t\t\t\t<\/div>\n\t\t\t\t\t<\/div>\n\t\t\t\t<\/div>\n\t\t<div class=\"elementor-element elementor-element-9671fa8 e-flex e-con-boxed e-con e-parent\" data-id=\"9671fa8\" data-element_type=\"container\" data-e-type=\"container\" data-settings=\"{&quot;background_background&quot;:&quot;classic&quot;}\">\n\t\t\t\t\t<div class=\"e-con-inner\">\n\t\t<div class=\"elementor-element elementor-element-251ac1d e-con-full e-flex e-con e-child\" data-id=\"251ac1d\" data-element_type=\"container\" data-e-type=\"container\">\n\t\t\t\t<div class=\"elementor-element elementor-element-49a6dff elementor-widget elementor-widget-heading\" data-id=\"49a6dff\" data-element_type=\"widget\" data-e-type=\"widget\" data-widget_type=\"heading.default\">\n\t\t\t\t\t<h2 class=\"elementor-heading-title elementor-size-default\">Vamos impulsionar sua marca juntos?<\/h2>\t\t\t\t<\/div>\n\t\t\t\t<div class=\"elementor-element elementor-element-f2e7313 elementor-widget elementor-widget-heading\" data-id=\"f2e7313\" data-element_type=\"widget\" data-e-type=\"widget\" data-widget_type=\"heading.default\">\n\t\t\t\t\t<div class=\"elementor-heading-title elementor-size-default\">Na Ag\u00eancia KN, cada projeto \u00e9 tratado como \u00fanico \u2014 com estrat\u00e9gia, criatividade e foco total em resultados. Se voc\u00ea quer atrair mais clientes, fortalecer sua marca e crescer no digital, o momento \u00e9 agora.<\/div>\t\t\t\t<\/div>\n\t\t\t\t<div class=\"elementor-element elementor-element-8881a46 elementor-widget__width-initial elementor-widget elementor-widget-button\" data-id=\"8881a46\" data-element_type=\"widget\" data-e-type=\"widget\" data-widget_type=\"button.default\">\n\t\t\t\t\t\t\t\t\t\t<a class=\"elementor-button elementor-button-link elementor-size-md\" href=\"#\">\n\t\t\t\t\t\t<span class=\"elementor-button-content-wrapper\">\n\t\t\t\t\t\t<span class=\"elementor-button-icon\">\n\t\t\t\t<svg aria-hidden=\"true\" class=\"e-font-icon-svg e-fab-whatsapp\" viewBox=\"0 0 448 512\" xmlns=\"http:\/\/www.w3.org\/2000\/svg\"><path d=\"M380.9 97.1C339 55.1 283.2 32 223.9 32c-122.4 0-222 99.6-222 222 0 39.1 10.2 77.3 29.6 111L0 480l117.7-30.9c32.4 17.7 68.9 27 106.1 27h.1c122.3 0 224.1-99.6 224.1-222 0-59.3-25.2-115-67.1-157zm-157 341.6c-33.2 0-65.7-8.9-94-25.7l-6.7-4-69.8 18.3L72 359.2l-4.4-7c-18.5-29.4-28.2-63.3-28.2-98.2 0-101.7 82.8-184.5 184.6-184.5 49.3 0 95.6 19.2 130.4 54.1 34.8 34.9 56.2 81.2 56.1 130.5 0 101.8-84.9 184.6-186.6 184.6zm101.2-138.2c-5.5-2.8-32.8-16.2-37.9-18-5.1-1.9-8.8-2.8-12.5 2.8-3.7 5.6-14.3 18-17.6 21.8-3.2 3.7-6.5 4.2-12 1.4-32.6-16.3-54-29.1-75.5-66-5.7-9.8 5.7-9.1 16.3-30.3 1.8-3.7.9-6.9-.5-9.7-1.4-2.8-12.5-30.1-17.1-41.2-4.5-10.8-9.1-9.3-12.5-9.5-3.2-.2-6.9-.2-10.6-.2-3.7 0-9.7 1.4-14.8 6.9-5.1 5.6-19.4 19-19.4 46.3 0 27.3 19.9 53.7 22.6 57.4 2.8 3.7 39.1 59.7 94.8 83.8 35.2 15.2 49 16.5 66.6 13.9 10.7-1.6 32.8-13.4 37.4-26.4 4.6-13 4.6-24.1 3.2-26.4-1.3-2.5-5-3.9-10.5-6.6z\"><\/path><\/svg>\t\t\t<\/span>\n\t\t\t\t\t\t\t\t\t<span class=\"elementor-button-text\">Quero meu orcamento no whatsapp<\/span>\n\t\t\t\t\t<\/span>\n\t\t\t\t\t<\/a>\n\t\t\t\t\t\t\t\t<\/div>\n\t\t\t\t<\/div>\n\t\t\t\t\t<\/div>\n\t\t\t\t<\/div>\n\t\t\t\t<\/div>\n\t\t","protected":false},"excerpt":{"rendered":"<p>Social Media Como funciona o nosso servi\u00e7o de Social Media Na Ag\u00eancia KN, transformamos redes sociais em potentes canais de conex\u00e3o, engajamento e vendas. Nosso servi\u00e7o de Social Media vai muito al\u00e9m de simples postagens: criamos estrat\u00e9gias inteligentes e personalizadas que posicionam sua marca de forma aut\u00eantica, relevante e com resultados mensur\u00e1veis. Desenvolvemos planos de [&hellip;]<\/p>\n","protected":false},"author":1,"featured_media":0,"parent":0,"menu_order":0,"comment_status":"closed","ping_status":"closed","template":"","meta":{"footnotes":""},"class_list":["post-214","page","type-page","status-publish","hentry"],"_hostinger_reach_plugin_has_subscription_block":false,"_hostinger_reach_plugin_is_elementor":false,"_links":{"self":[{"href":"https:\/\/staging4.augustusdm.com\/home\/wp-json\/wp\/v2\/pages\/214","targetHints":{"allow":["GET"]}}],"collection":[{"href":"https:\/\/staging4.augustusdm.com\/home\/wp-json\/wp\/v2\/pages"}],"about":[{"href":"https:\/\/staging4.augustusdm.com\/home\/wp-json\/wp\/v2\/types\/page"}],"author":[{"embeddable":true,"href":"https:\/\/staging4.augustusdm.com\/home\/wp-json\/wp\/v2\/users\/1"}],"replies":[{"embeddable":true,"href":"https:\/\/staging4.augustusdm.com\/home\/wp-json\/wp\/v2\/comments?post=214"}],"version-history":[{"count":10,"href":"https:\/\/staging4.augustusdm.com\/home\/wp-json\/wp\/v2\/pages\/214\/revisions"}],"predecessor-version":[{"id":408,"href":"https:\/\/staging4.augustusdm.com\/home\/wp-json\/wp\/v2\/pages\/214\/revisions\/408"}],"wp:attachment":[{"href":"https:\/\/staging4.augustusdm.com\/home\/wp-json\/wp\/v2\/media?parent=214"}],"curies":[{"name":"wp","href":"https:\/\/api.w.org\/{rel}","templated":true}]}}